{"id":2,"date":"2023-12-30T09:46:24","date_gmt":"2023-12-30T09:46:24","guid":{"rendered":"https:\/\/nories-wholesale.eu\/?page_id=2"},"modified":"2024-01-29T10:26:28","modified_gmt":"2024-01-29T09:26:28","slug":"create-an-order","status":"publish","type":"page","link":"https:\/\/nories-wholesale.eu\/cs\/create-an-order\/","title":{"rendered":"JAK VYTVO\u0158IT OBJEDN\u00c1VKU A NADV\u00c1ZAT SPOLUPR\u00c1CI?"},"content":{"rendered":"<p>Nories je pr\u00e9miov\u00e1 japonsk\u00e1 zna\u010dka. T\u0159eba v\u011bd\u011bt \u017ee ne v\u0161echny produkty jsou dostupn\u00e9 neust\u00e1le. Proto ho nem\u00e1 v obchod\u011b ka\u017ed\u00fd, ale m\u016f\u017eete jej m\u00edt vy. Chceme abyste m\u011bli mo\u017enost sehnat ty nejlep\u0161\u00ed produkty, proto jsme vytvo\u0159ili speci\u00e1ln\u00ed objedn\u00e1vkov\u00fd syst\u00e9m.<\/p>\n<p><strong>NORM\u00c1LN\u00cd OBJEDN\u00c1VKA<\/strong> \u2013 Ka\u017ed\u00fd m\u011bs\u00edc v\u00e1m za\u0161leme aktu\u00e1ln\u00ed japonsk\u00fd sklad. Abyste p\u0159esn\u011b v\u011bd\u011bli, kter\u00e9 polo\u017eky jsou dostupn\u00e9 a abyste si mohli vybrat p\u0159esn\u011b to, co pot\u0159ebujete. Objednan\u00e9 polo\u017eky doraz\u00ed p\u0159ibli\u017en\u011b za 7 a\u017e 14 dn\u00ed. Plat\u00edte a\u017e kdy\u017e doraz\u00ed a budou p\u0159ipraveny k odesl\u00e1n\u00ed.<\/p>\n<p><strong>P\u0158EDOBJEDN\u00c1VKA<\/strong> \u2013 Pro z\u00e1kazn\u00edky, kte\u0159\u00ed to s rozvojem TROUT AREA ve sv\u00e9m okol\u00ed mysl\u00ed v\u00e1\u017en\u011b. Bude ob\u010das uvoln\u011bna mo\u017enost p\u0159ed \u2013 objedn\u00e1vky ur\u010dit\u00fdch produkt\u016f. Na p\u0159edobjedn\u00e1vku bude nutn\u00e9 po\u010dkat, av\u0161ak objedn\u00e1te si p\u0159esn\u011b to co chcete a plat\u00edte a\u017e tehdy, kdy\u017e produkty doraz\u00ed a jsou p\u0159ipraveny k okam\u017eit\u00e9mu odesl\u00e1n\u00ed k v\u00e1m.<\/p>\n<h3>M\u00e1te-li z\u00e1jem o spolupr\u00e1ci napi\u0161te n\u00e1m na info@nories-wholesale.eu a my v\u00e1m za\u0161leme ka\u017ed\u00fd m\u011bs\u00edc objedn\u00e1vkov\u00fd formul\u00e1\u0159. Nebo zavolejte na 00421 908 582 185<\/h3>\n","protected":false},"excerpt":{"rendered":"<p>Nories je pr\u00e9miov\u00e1 japonsk\u00e1 zna\u010dka. T\u0159eba v\u011bd\u011bt \u017ee ne v\u0161echny produkty jsou dostupn\u00e9 neust\u00e1le. Proto ho nem\u00e1 v obchod\u011b ka\u017ed\u00fd, ale m\u016f\u017eete jej m\u00edt vy. Chceme abyste m\u011bli mo\u017enost sehnat ty nejlep\u0161\u00ed produkty, proto jsme vytvo\u0159ili speci\u00e1ln\u00ed objedn\u00e1vkov\u00fd syst\u00e9m. NORM\u00c1LN\u00cd OBJEDN\u00c1VKA \u2013 Ka\u017ed\u00fd m\u011bs\u00edc v\u00e1m za\u0161leme aktu\u00e1ln\u00ed japonsk\u00fd sklad. Abyste p\u0159esn\u011b v\u011bd\u011bli, kter\u00e9 polo\u017eky jsou [&hellip;]<\/p>\n","protected":false},"author":1,"featured_media":658,"parent":0,"menu_order":2,"comment_status":"closed","ping_status":"closed","template":"template-pages-sb.php","meta":{"footnotes":""},"acf":[],"_links":{"self":[{"href":"https:\/\/nories-wholesale.eu\/cs\/wp-json\/wp\/v2\/pages\/2"}],"collection":[{"href":"https:\/\/nories-wholesale.eu\/cs\/wp-json\/wp\/v2\/pages"}],"about":[{"href":"https:\/\/nories-wholesale.eu\/cs\/wp-json\/wp\/v2\/types\/page"}],"author":[{"embeddable":true,"href":"https:\/\/nories-wholesale.eu\/cs\/wp-json\/wp\/v2\/users\/1"}],"replies":[{"embeddable":true,"href":"https:\/\/nories-wholesale.eu\/cs\/wp-json\/wp\/v2\/comments?post=2"}],"version-history":[{"count":24,"href":"https:\/\/nories-wholesale.eu\/cs\/wp-json\/wp\/v2\/pages\/2\/revisions"}],"predecessor-version":[{"id":895,"href":"https:\/\/nories-wholesale.eu\/cs\/wp-json\/wp\/v2\/pages\/2\/revisions\/895"}],"wp:featuredmedia":[{"embeddable":true,"href":"https:\/\/nories-wholesale.eu\/cs\/wp-json\/wp\/v2\/media\/658"}],"wp:attachment":[{"href":"https:\/\/nories-wholesale.eu\/cs\/wp-json\/wp\/v2\/media?parent=2"}],"curies":[{"name":"wp","href":"https:\/\/api.w.org\/{rel}","templated":true}]}}