{"id":269,"date":"2017-02-13T16:17:05","date_gmt":"2017-02-13T16:17:05","guid":{"rendered":"http:\/\/localhost\/new_wp\/?page_id=269"},"modified":"2024-01-29T10:18:47","modified_gmt":"2024-01-29T09:18:47","slug":"about-us","status":"publish","type":"page","link":"https:\/\/nories-wholesale.eu\/cs\/about-us\/","title":{"rendered":"O n\u00e1s"},"content":{"rendered":"<p>Jsme rodinn\u00e1 firma na trhu fungujeme v nep\u0159etr\u017eit\u00e9m provozu od roku 1999. V\u017edy jsme si zakl\u00e1dali na tom, abychom obchod d\u011blali f\u00e9rov\u011b, poctiv\u011b a abychom si s na\u0161imi z\u00e1kazn\u00edky vytvo\u0159ili vztah. Nebojte se n\u00e1s oslovit, ur\u010dit\u011b se pokus\u00edme naj\u00edt zp\u016fsob, jak spolu rozjet \u00fasp\u011b\u0161nou spolupr\u00e1ci.<\/p>\n<p>Stali jsme se odborn\u00edky na p\u0159\u00edvla\u010d a speci\u00e1ln\u011b na TROUT AREA. M\u00e1me zku\u0161enosti z mistrovstv\u00ed sv\u011bta a nejpresti\u017en\u011bj\u0161\u00edch trout area turnaj\u016f v Evrop\u011b. Na\u0161e zku\u0161enosti jsou v\u00e1m k dispozici, r\u00e1di v\u00e1m pom\u016f\u017eeme rozjet Trout Area sortiment i ve va\u0161em obchod\u011b. V\u011b\u0159te n\u00e1m, \u017ee pokud chcete d\u011blat Trout Areu po\u0159\u00e1dn\u011b NORIES prost\u011b pot\u0159ebujete.<\/p>\n<p><img loading=\"lazy\" decoding=\"async\" class=\"wp-image-657 size-medium alignright\" src=\"https:\/\/nories-wholesale.eu\/wp-content\/uploads\/2024\/01\/nories-gallery-5-200x300.jpg\" alt=\"Nories wholesale EU\" width=\"200\" height=\"300\" srcset=\"https:\/\/nories-wholesale.eu\/wp-content\/uploads\/2024\/01\/nories-gallery-5-200x300.jpg 200w, https:\/\/nories-wholesale.eu\/wp-content\/uploads\/2024\/01\/nories-gallery-5-683x1024.jpg 683w, https:\/\/nories-wholesale.eu\/wp-content\/uploads\/2024\/01\/nories-gallery-5-768x1152.jpg 768w, https:\/\/nories-wholesale.eu\/wp-content\/uploads\/2024\/01\/nories-gallery-5-1024x1536.jpg 1024w, https:\/\/nories-wholesale.eu\/wp-content\/uploads\/2024\/01\/nories-gallery-5.jpg 1365w\" sizes=\"(max-width: 200px) 100vw, 200px\" \/><\/p>\n<p>&nbsp;<\/p>\n<p style=\"text-align: left;\"><strong>Troutshop team &#8211; Slavia Centrum<br \/>\n<\/strong><strong>Jaroslav Petricek<br \/>\n<\/strong><strong>Razusova 7 &#8211; Pie\u0161tany &#8211; 92101<\/strong><br \/>\n<strong>Slovensko<\/strong><br \/>\n<strong>ICO: \u00a033702641<\/strong><br \/>\n<strong>I\u010c DPH: \u00a0SK1020329123<\/strong><\/p>\n<p style=\"text-align: left;\"><strong>00421 908 582 185<\/strong><\/p>\n<p style=\"text-align: left;\"><strong>info@nories-wholesale.eu<\/strong><\/p>\n","protected":false},"excerpt":{"rendered":"<p>Jsme rodinn\u00e1 firma na trhu fungujeme v nep\u0159etr\u017eit\u00e9m provozu od roku 1999. V\u017edy jsme si zakl\u00e1dali na tom, abychom obchod d\u011blali f\u00e9rov\u011b, poctiv\u011b a abychom si s na\u0161imi z\u00e1kazn\u00edky vytvo\u0159ili vztah. Nebojte se n\u00e1s oslovit, ur\u010dit\u011b se pokus\u00edme naj\u00edt zp\u016fsob, jak spolu rozjet \u00fasp\u011b\u0161nou spolupr\u00e1ci. Stali jsme se odborn\u00edky na p\u0159\u00edvla\u010d a speci\u00e1ln\u011b na TROUT [&hellip;]<\/p>\n","protected":false},"author":1,"featured_media":662,"parent":0,"menu_order":0,"comment_status":"closed","ping_status":"closed","template":"template-pages-sb.php","meta":{"footnotes":""},"acf":[],"_links":{"self":[{"href":"https:\/\/nories-wholesale.eu\/cs\/wp-json\/wp\/v2\/pages\/269"}],"collection":[{"href":"https:\/\/nories-wholesale.eu\/cs\/wp-json\/wp\/v2\/pages"}],"about":[{"href":"https:\/\/nories-wholesale.eu\/cs\/wp-json\/wp\/v2\/types\/page"}],"author":[{"embeddable":true,"href":"https:\/\/nories-wholesale.eu\/cs\/wp-json\/wp\/v2\/users\/1"}],"replies":[{"embeddable":true,"href":"https:\/\/nories-wholesale.eu\/cs\/wp-json\/wp\/v2\/comments?post=269"}],"version-history":[{"count":32,"href":"https:\/\/nories-wholesale.eu\/cs\/wp-json\/wp\/v2\/pages\/269\/revisions"}],"predecessor-version":[{"id":894,"href":"https:\/\/nories-wholesale.eu\/cs\/wp-json\/wp\/v2\/pages\/269\/revisions\/894"}],"wp:featuredmedia":[{"embeddable":true,"href":"https:\/\/nories-wholesale.eu\/cs\/wp-json\/wp\/v2\/media\/662"}],"wp:attachment":[{"href":"https:\/\/nories-wholesale.eu\/cs\/wp-json\/wp\/v2\/media?parent=269"}],"curies":[{"name":"wp","href":"https:\/\/api.w.org\/{rel}","templated":true}]}}