{"id":695,"date":"2024-01-09T10:47:34","date_gmt":"2024-01-09T09:47:34","guid":{"rendered":"https:\/\/nories-wholesale.eu\/sk\/?page_id=695"},"modified":"2024-01-29T10:11:54","modified_gmt":"2024-01-29T09:11:54","slug":"home","status":"publish","type":"page","link":"https:\/\/nories-wholesale.eu\/cs\/","title":{"rendered":"\u00davod"},"content":{"rendered":"<p>NORIES je legend\u00e1rn\u00ed japonsk\u00e1 zna\u010dka, kter\u00e1 je jedn\u00edm ze sv\u011btov\u00fdch l\u00eddr\u016f v lovu TROUT AREA. Nab\u00edz\u00edme v\u00e1m mo\u017enost velkoobchodn\u00edho n\u00e1kupu \u0161pi\u010dkov\u00fdch produkt\u016f Nories v<strong> \u010cesk\u00e9 Republice<\/strong>, na Slovensku i v Ma\u010farsku. Jsme hrd\u00fdmi \u010dleny Trout Area komunity se zku\u0161enostmi z mistrovstv\u00ed sv\u011bta a r\u00e1di v\u00e1m pom\u016f\u017eeme prod\u00e1vat zna\u010dku NORIES i ve va\u0161em obchod\u011b. Existuje spousta Trout Area zna\u010dek ale pouze jeden NORIES. Na\u0161\u00edm \u00fakolem je pomoci v\u00e1m a va\u0161\u00ed prodejn\u011b abyste jej mohli \u00fasp\u011b\u0161n\u011b prod\u00e1vat. Chcete-li v\u011bd\u011bt v\u00edce a syst\u00e9mu objedn\u00e1v\u00e1n\u00ed klikn\u011bte naho\u0159e na str\u00e1nce na &#8222;Objedn\u00e1vka&#8220; Nebo n\u00e1m napi\u0161te na:<\/p>\n<h2>info\u00a0<small>(<\/small>@<small>)<\/small>\u00a0nories-wholesale.eu<br \/>\n00421 908 582 185<\/h2>\n","protected":false},"excerpt":{"rendered":"<p>NORIES je legend\u00e1rn\u00ed japonsk\u00e1 zna\u010dka, kter\u00e1 je jedn\u00edm ze sv\u011btov\u00fdch l\u00eddr\u016f v lovu TROUT AREA. Nab\u00edz\u00edme v\u00e1m mo\u017enost velkoobchodn\u00edho n\u00e1kupu \u0161pi\u010dkov\u00fdch produkt\u016f Nories v \u010cesk\u00e9 Republice, na Slovensku i v Ma\u010farsku. Jsme hrd\u00fdmi \u010dleny Trout Area komunity se zku\u0161enostmi z mistrovstv\u00ed sv\u011bta a r\u00e1di v\u00e1m pom\u016f\u017eeme prod\u00e1vat zna\u010dku NORIES i ve va\u0161em obchod\u011b. Existuje spousta [&hellip;]<\/p>\n","protected":false},"author":1,"featured_media":650,"parent":0,"menu_order":0,"comment_status":"closed","ping_status":"closed","template":"template-pages.php","meta":{"footnotes":""},"acf":[],"_links":{"self":[{"href":"https:\/\/nories-wholesale.eu\/cs\/wp-json\/wp\/v2\/pages\/695"}],"collection":[{"href":"https:\/\/nories-wholesale.eu\/cs\/wp-json\/wp\/v2\/pages"}],"about":[{"href":"https:\/\/nories-wholesale.eu\/cs\/wp-json\/wp\/v2\/types\/page"}],"author":[{"embeddable":true,"href":"https:\/\/nories-wholesale.eu\/cs\/wp-json\/wp\/v2\/users\/1"}],"replies":[{"embeddable":true,"href":"https:\/\/nories-wholesale.eu\/cs\/wp-json\/wp\/v2\/comments?post=695"}],"version-history":[{"count":33,"href":"https:\/\/nories-wholesale.eu\/cs\/wp-json\/wp\/v2\/pages\/695\/revisions"}],"predecessor-version":[{"id":892,"href":"https:\/\/nories-wholesale.eu\/cs\/wp-json\/wp\/v2\/pages\/695\/revisions\/892"}],"wp:featuredmedia":[{"embeddable":true,"href":"https:\/\/nories-wholesale.eu\/cs\/wp-json\/wp\/v2\/media\/650"}],"wp:attachment":[{"href":"https:\/\/nories-wholesale.eu\/cs\/wp-json\/wp\/v2\/media?parent=695"}],"curies":[{"name":"wp","href":"https:\/\/api.w.org\/{rel}","templated":true}]}}