{"id":2,"date":"2023-12-30T09:46:24","date_gmt":"2023-12-30T09:46:24","guid":{"rendered":"https:\/\/nories-wholesale.eu\/?page_id=2"},"modified":"2024-01-29T10:26:28","modified_gmt":"2024-01-29T09:26:28","slug":"create-an-order","status":"publish","type":"page","link":"https:\/\/nories-wholesale.eu\/hu\/create-an-order\/","title":{"rendered":"Create an order"},"content":{"rendered":"<p>A Nories egy pr\u00e9mium jap\u00e1n m\u00e1rka. Tudnia kell, hogy nem minden term\u00e9k mindig el\u00e9rhet\u0151. Szeretn\u00e9nk azonban, ha lehet\u0151s\u00e9ge lenne a legjobb term\u00e9kekhez jutni, ez\u00e9rt egy speci\u00e1lis rendel\u00e9si rendszert hoztunk l\u00e9tre.<\/p>\n<p><strong>NORM\u00c1L RENDEL\u00c9S<\/strong> \u2013 Minden h\u00f3napban elk\u00fcldj\u00fck \u00d6nnek az aktu\u00e1lis jap\u00e1n k\u00e9szletet. Hogy pontosan tudja, mely term\u00e9kek \u00e1llnak rendelkez\u00e9sre, \u00e9s hogy pontosan kiv\u00e1laszthassa, mire van sz\u00fcks\u00e9ge. A megrendelt term\u00e9kek k\u00f6r\u00fclbel\u00fcl 7-14 napon bel\u00fcl meg\u00e9rkeznek. Csak akkor kell fizetnie, amikor meg\u00e9rkeznek \u00e9s k\u00e9szen \u00e1llnak az \u00e1tv\u00e9telre.<\/p>\n<p><strong>EL\u0150RENDEL\u00c9S<\/strong> \u2013 Azoknak a v\u00e1s\u00e1rl\u00f3knak, akik komolyan gondolj\u00e1k \u00fczlet\u00fckben a TROUT AREA fejleszt\u00e9s\u00e9t. Egyes term\u00e9kek el\u0151rendel\u00e9si lehet\u0151s\u00e9ge id\u0151r\u0151l id\u0151re felszabadul. V\u00e1rnia kell az el\u0151rendel\u00e9sre, de pontosan azt rendeli meg, amit szeretne, \u00e9s csak akkor fizet, amikor a term\u00e9kek meg\u00e9rkeznek \u00e9s k\u00e9szen \u00e1llnak arra, hogy azonnal elk\u00fcldj\u00e9k \u00d6nnek.<\/p>\n<h3>Ha \u00e9rdekli az egy\u00fcttm\u0171k\u00f6d\u00e9s, \u00edrjon nek\u00fcnk az info@nories-wholesale.eu c\u00edmre, \u00e9s havonta k\u00fcld\u00fcnk \u00d6nnek egy megrendel\u0151lapot. Telefonsz\u00e1m: 00421 908 582 185<\/h3>\n","protected":false},"excerpt":{"rendered":"<p>A Nories egy pr\u00e9mium jap\u00e1n m\u00e1rka. Tudnia kell, hogy nem minden term\u00e9k mindig el\u00e9rhet\u0151. Szeretn\u00e9nk azonban, ha lehet\u0151s\u00e9ge lenne a legjobb term\u00e9kekhez jutni, ez\u00e9rt egy speci\u00e1lis rendel\u00e9si rendszert hoztunk l\u00e9tre. NORM\u00c1L RENDEL\u00c9S \u2013 Minden h\u00f3napban elk\u00fcldj\u00fck \u00d6nnek az aktu\u00e1lis jap\u00e1n k\u00e9szletet. Hogy pontosan tudja, mely term\u00e9kek \u00e1llnak rendelkez\u00e9sre, \u00e9s hogy pontosan kiv\u00e1laszthassa, mire van sz\u00fcks\u00e9ge. [&hellip;]<\/p>\n","protected":false},"author":1,"featured_media":658,"parent":0,"menu_order":2,"comment_status":"closed","ping_status":"closed","template":"template-pages-sb.php","meta":{"footnotes":""},"acf":[],"_links":{"self":[{"href":"https:\/\/nories-wholesale.eu\/hu\/wp-json\/wp\/v2\/pages\/2"}],"collection":[{"href":"https:\/\/nories-wholesale.eu\/hu\/wp-json\/wp\/v2\/pages"}],"about":[{"href":"https:\/\/nories-wholesale.eu\/hu\/wp-json\/wp\/v2\/types\/page"}],"author":[{"embeddable":true,"href":"https:\/\/nories-wholesale.eu\/hu\/wp-json\/wp\/v2\/users\/1"}],"replies":[{"embeddable":true,"href":"https:\/\/nories-wholesale.eu\/hu\/wp-json\/wp\/v2\/comments?post=2"}],"version-history":[{"count":24,"href":"https:\/\/nories-wholesale.eu\/hu\/wp-json\/wp\/v2\/pages\/2\/revisions"}],"predecessor-version":[{"id":895,"href":"https:\/\/nories-wholesale.eu\/hu\/wp-json\/wp\/v2\/pages\/2\/revisions\/895"}],"wp:featuredmedia":[{"embeddable":true,"href":"https:\/\/nories-wholesale.eu\/hu\/wp-json\/wp\/v2\/media\/658"}],"wp:attachment":[{"href":"https:\/\/nories-wholesale.eu\/hu\/wp-json\/wp\/v2\/media?parent=2"}],"curies":[{"name":"wp","href":"https:\/\/api.w.org\/{rel}","templated":true}]}}