{"id":269,"date":"2017-02-13T16:17:05","date_gmt":"2017-02-13T16:17:05","guid":{"rendered":"http:\/\/localhost\/new_wp\/?page_id=269"},"modified":"2024-01-29T10:18:47","modified_gmt":"2024-01-29T09:18:47","slug":"about-us","status":"publish","type":"page","link":"https:\/\/nories-wholesale.eu\/hu\/about-us\/","title":{"rendered":"About"},"content":{"rendered":"<p>Csal\u00e1di v\u00e1llalkoz\u00e1s vagyunk a piacon, 1999 \u00f3ta folyamatosan m\u0171k\u00f6d\u00fcnk. Mindig is t\u00e1maszkodtunk a tisztess\u00e9ges \u00e9s becs\u00fcletes \u00fczletmenetre, valamint az \u00fcgyfeleinkkel val\u00f3 kapcsolat\u00e9p\u00edt\u00e9sre. Ne f\u00e9ljen felvenni vel\u00fcnk a kapcsolatot, minden bizonnyal megpr\u00f3b\u00e1ljuk megtal\u00e1lni a m\u00f3dj\u00e1t egy sikeres egy\u00fcttm\u0171k\u00f6d\u00e9s elind\u00edt\u00e1s\u00e1nak.<\/p>\n<p>Szak\u00e9rt\u0151k lett\u00fcnk a perget\u00e9sben \u00e9s k\u00fcl\u00f6n\u00f6sen a TROUT AREA. Van tapasztalatunk a vil\u00e1gbajnoks\u00e1gokon \u00e9s Eur\u00f3pa legrangosabb pisztr\u00e1ngvid\u00e9ki versenyein. Tapasztalataink \u00e1llnak az \u00d6n rendelkez\u00e9s\u00e9re, sz\u00edvesen seg\u00edt\u00fcnk a Trout Area szortiment beind\u00edt\u00e1s\u00e1ban az \u00d6n \u00fczlet\u00e9ben is. Higgye el nek\u00fcnk, ha rendesen meg akarja csin\u00e1lni a Trout Area-t, egyszer\u0171en csak NORIES-ra van sz\u00fcks\u00e9ge.<\/p>\n<p>Troutshop team \u2013 Slavia Centrum <img loading=\"lazy\" decoding=\"async\" class=\"size-medium wp-image-657 alignright\" src=\"https:\/\/nories-wholesale.eu\/wp-content\/uploads\/2024\/01\/nories-gallery-5-200x300.jpg\" alt=\"Nories wholesale EU\" width=\"200\" height=\"300\" srcset=\"https:\/\/nories-wholesale.eu\/wp-content\/uploads\/2024\/01\/nories-gallery-5-200x300.jpg 200w, https:\/\/nories-wholesale.eu\/wp-content\/uploads\/2024\/01\/nories-gallery-5-683x1024.jpg 683w, https:\/\/nories-wholesale.eu\/wp-content\/uploads\/2024\/01\/nories-gallery-5-768x1152.jpg 768w, https:\/\/nories-wholesale.eu\/wp-content\/uploads\/2024\/01\/nories-gallery-5-1024x1536.jpg 1024w, https:\/\/nories-wholesale.eu\/wp-content\/uploads\/2024\/01\/nories-gallery-5.jpg 1365w\" sizes=\"(max-width: 200px) 100vw, 200px\" \/><br \/>\nJaroslav Petricek<br \/>\nRazusova 7 \u2013\u00a0Pie\u0161tany\u00a0\u2013 92101<br \/>\nSlovensko<br \/>\nICO: \u00a033702641<br \/>\nI\u010c DPH: \u00a0SK1020329123<\/p>\n<p>00421 908 582 185<br \/>\ninfo@nories-wholesale.eu<\/p>\n","protected":false},"excerpt":{"rendered":"<p>Csal\u00e1di v\u00e1llalkoz\u00e1s vagyunk a piacon, 1999 \u00f3ta folyamatosan m\u0171k\u00f6d\u00fcnk. Mindig is t\u00e1maszkodtunk a tisztess\u00e9ges \u00e9s becs\u00fcletes \u00fczletmenetre, valamint az \u00fcgyfeleinkkel val\u00f3 kapcsolat\u00e9p\u00edt\u00e9sre. Ne f\u00e9ljen felvenni vel\u00fcnk a kapcsolatot, minden bizonnyal megpr\u00f3b\u00e1ljuk megtal\u00e1lni a m\u00f3dj\u00e1t egy sikeres egy\u00fcttm\u0171k\u00f6d\u00e9s elind\u00edt\u00e1s\u00e1nak. Szak\u00e9rt\u0151k lett\u00fcnk a perget\u00e9sben \u00e9s k\u00fcl\u00f6n\u00f6sen a TROUT AREA. Van tapasztalatunk a vil\u00e1gbajnoks\u00e1gokon \u00e9s Eur\u00f3pa legrangosabb pisztr\u00e1ngvid\u00e9ki [&hellip;]<\/p>\n","protected":false},"author":1,"featured_media":662,"parent":0,"menu_order":0,"comment_status":"closed","ping_status":"closed","template":"template-pages-sb.php","meta":{"footnotes":""},"acf":[],"_links":{"self":[{"href":"https:\/\/nories-wholesale.eu\/hu\/wp-json\/wp\/v2\/pages\/269"}],"collection":[{"href":"https:\/\/nories-wholesale.eu\/hu\/wp-json\/wp\/v2\/pages"}],"about":[{"href":"https:\/\/nories-wholesale.eu\/hu\/wp-json\/wp\/v2\/types\/page"}],"author":[{"embeddable":true,"href":"https:\/\/nories-wholesale.eu\/hu\/wp-json\/wp\/v2\/users\/1"}],"replies":[{"embeddable":true,"href":"https:\/\/nories-wholesale.eu\/hu\/wp-json\/wp\/v2\/comments?post=269"}],"version-history":[{"count":32,"href":"https:\/\/nories-wholesale.eu\/hu\/wp-json\/wp\/v2\/pages\/269\/revisions"}],"predecessor-version":[{"id":894,"href":"https:\/\/nories-wholesale.eu\/hu\/wp-json\/wp\/v2\/pages\/269\/revisions\/894"}],"wp:featuredmedia":[{"embeddable":true,"href":"https:\/\/nories-wholesale.eu\/hu\/wp-json\/wp\/v2\/media\/662"}],"wp:attachment":[{"href":"https:\/\/nories-wholesale.eu\/hu\/wp-json\/wp\/v2\/media?parent=269"}],"curies":[{"name":"wp","href":"https:\/\/api.w.org\/{rel}","templated":true}]}}