{"id":695,"date":"2024-01-09T10:47:34","date_gmt":"2024-01-09T09:47:34","guid":{"rendered":"https:\/\/nories-wholesale.eu\/sk\/?page_id=695"},"modified":"2024-01-29T10:11:54","modified_gmt":"2024-01-29T09:11:54","slug":"home","status":"publish","type":"page","link":"https:\/\/nories-wholesale.eu\/hu\/","title":{"rendered":"Home"},"content":{"rendered":"<p>A NORIES egy legend\u00e1s jap\u00e1n m\u00e1rka, amely a vil\u00e1g egyik vezet\u0151 TROUT AREA horg\u00e1szata. Lehet\u0151s\u00e9get k\u00edn\u00e1lunk a cs\u00facsmin\u0151s\u00e9g\u0171 Nories term\u00e9kek nagykereskedelmi v\u00e1s\u00e1rl\u00e1s\u00e1ra Csehorsz\u00e1gban, Szlov\u00e1ki\u00e1ban \u00e9s Magyarorsz\u00e1gon. B\u00fcszk\u00e9k vagyunk a Trout Area k\u00f6z\u00f6ss\u00e9g vil\u00e1gbajnoki tapasztalattal rendelkez\u0151 tagjai, \u00e9s sz\u00edvesen seg\u00edt\u00fcnk \u00d6nnek a NORIES m\u00e1rka \u00e9rt\u00e9kes\u00edt\u00e9s\u00e9ben az \u00d6n \u00fczlet\u00e9ben is. Sok Trout Area m\u00e1rka l\u00e9tezik, de csak egy NORIES.<\/p>\n<h3>info (@) nories-wholesale.eu<br \/>\n00421 908 582 185<\/h3>\n","protected":false},"excerpt":{"rendered":"<p>A NORIES egy legend\u00e1s jap\u00e1n m\u00e1rka, amely a vil\u00e1g egyik vezet\u0151 TROUT AREA horg\u00e1szata. Lehet\u0151s\u00e9get k\u00edn\u00e1lunk a cs\u00facsmin\u0151s\u00e9g\u0171 Nories term\u00e9kek nagykereskedelmi v\u00e1s\u00e1rl\u00e1s\u00e1ra Csehorsz\u00e1gban, Szlov\u00e1ki\u00e1ban \u00e9s Magyarorsz\u00e1gon. B\u00fcszk\u00e9k vagyunk a Trout Area k\u00f6z\u00f6ss\u00e9g vil\u00e1gbajnoki tapasztalattal rendelkez\u0151 tagjai, \u00e9s sz\u00edvesen seg\u00edt\u00fcnk \u00d6nnek a NORIES m\u00e1rka \u00e9rt\u00e9kes\u00edt\u00e9s\u00e9ben az \u00d6n \u00fczlet\u00e9ben is. Sok Trout Area m\u00e1rka l\u00e9tezik, de csak [&hellip;]<\/p>\n","protected":false},"author":1,"featured_media":650,"parent":0,"menu_order":0,"comment_status":"closed","ping_status":"closed","template":"template-pages.php","meta":{"footnotes":""},"acf":[],"_links":{"self":[{"href":"https:\/\/nories-wholesale.eu\/hu\/wp-json\/wp\/v2\/pages\/695"}],"collection":[{"href":"https:\/\/nories-wholesale.eu\/hu\/wp-json\/wp\/v2\/pages"}],"about":[{"href":"https:\/\/nories-wholesale.eu\/hu\/wp-json\/wp\/v2\/types\/page"}],"author":[{"embeddable":true,"href":"https:\/\/nories-wholesale.eu\/hu\/wp-json\/wp\/v2\/users\/1"}],"replies":[{"embeddable":true,"href":"https:\/\/nories-wholesale.eu\/hu\/wp-json\/wp\/v2\/comments?post=695"}],"version-history":[{"count":33,"href":"https:\/\/nories-wholesale.eu\/hu\/wp-json\/wp\/v2\/pages\/695\/revisions"}],"predecessor-version":[{"id":892,"href":"https:\/\/nories-wholesale.eu\/hu\/wp-json\/wp\/v2\/pages\/695\/revisions\/892"}],"wp:featuredmedia":[{"embeddable":true,"href":"https:\/\/nories-wholesale.eu\/hu\/wp-json\/wp\/v2\/media\/650"}],"wp:attachment":[{"href":"https:\/\/nories-wholesale.eu\/hu\/wp-json\/wp\/v2\/media?parent=695"}],"curies":[{"name":"wp","href":"https:\/\/api.w.org\/{rel}","templated":true}]}}