{"id":2,"date":"2023-12-30T09:46:24","date_gmt":"2023-12-30T09:46:24","guid":{"rendered":"https:\/\/nories-wholesale.eu\/?page_id=2"},"modified":"2024-01-29T10:26:28","modified_gmt":"2024-01-29T09:26:28","slug":"create-an-order","status":"publish","type":"page","link":"https:\/\/nories-wholesale.eu\/sk\/create-an-order\/","title":{"rendered":"Ako vytvori\u0165 objedn\u00e1vku a nadviaza\u0165 spolupr\u00e1cu?"},"content":{"rendered":"<p><strong>Nories<\/strong> je pr\u00e9miov\u00e1 japonsk\u00e1 zna\u010dka. Treba vedie\u0165 \u017ee nie v\u0161etky produkty s\u00fa dostupn\u00e9 neust\u00e1le. Preto ho nem\u00e1 v obchode ka\u017ed\u00fd, ale m\u00f4\u017eete ho ma\u0165 vy. Chceme v\u0161ak aby ste mali mo\u017enos\u0165 zohna\u0165 tie najlep\u0161ie produkty preto sme vytvorili \u0161peci\u00e1lny objedn\u00e1vkov\u00fd syst\u00e9m.<\/p>\n<p><strong>NORM\u00c1LNA OBJEDN\u00c1VKA<\/strong> &#8211; Ka\u017ed\u00fd mesiac v\u00e1m za\u0161leme aktu\u00e1lny japonsk\u00fd sklad. Aby ste presne vedeli, ktor\u00e9 polo\u017eky s\u00fa dostupn\u00e9 a aby ste si mohli vybra\u0165 presne to \u010do potrebujete. Objednan\u00e9 polo\u017eky dorazia pribli\u017ene o 7 a\u017e 14 dn\u00ed. Plat\u00edte a\u017e ke\u010f dorazia a bud\u00fa pripraven\u00e9 na odolasnie.<\/p>\n<p><strong>PREDOBJEDN\u00c1VKA<\/strong> &#8211; Pre z\u00e1kazn\u00edkov ktor\u00ed to s rozvojom TROUT AREA vo svojom okol\u00ed myslia v\u00e1\u017ene. Bude ob\u010das uvo\u013enen\u00e1 mo\u017enos\u0165 pred &#8211; objedn\u00e1vky ur\u010dit\u00fdch produktov. Na predobjedn\u00e1vku bude nutn\u00e9 po\u010dka\u0165, av\u0161ak objedn\u00e1te si presne to \u010do chcete a plat\u00edte a\u017e vtedy ke\u010f produkty dorazia a s\u00fa pripraven\u00e9 na okam\u017eit\u00e9 odoslanie k v\u00e1m.<\/p>\n<h3>Ak m\u00e1te z\u00e1ujem o spolupr\u00e1cu nap\u00ed\u0161te n\u00e1m na <strong>info@nories-wholesale.eu<\/strong> a my v\u00e1m za\u0161leme ka\u017ed\u00fd mesiac objedn\u00e1vkov\u00fd formul\u00e1r. Pr\u00edpadne n\u00e1m m\u00f4\u017eete zavola\u0165 na 0908 582 185.<\/h3>\n","protected":false},"excerpt":{"rendered":"<p>Nories je pr\u00e9miov\u00e1 japonsk\u00e1 zna\u010dka. Treba vedie\u0165 \u017ee nie v\u0161etky produkty s\u00fa dostupn\u00e9 neust\u00e1le. Preto ho nem\u00e1 v obchode ka\u017ed\u00fd, ale m\u00f4\u017eete ho ma\u0165 vy. Chceme v\u0161ak aby ste mali mo\u017enos\u0165 zohna\u0165 tie najlep\u0161ie produkty preto sme vytvorili \u0161peci\u00e1lny objedn\u00e1vkov\u00fd syst\u00e9m. NORM\u00c1LNA OBJEDN\u00c1VKA &#8211; Ka\u017ed\u00fd mesiac v\u00e1m za\u0161leme aktu\u00e1lny japonsk\u00fd sklad. Aby ste presne vedeli, [&hellip;]<\/p>\n","protected":false},"author":1,"featured_media":658,"parent":0,"menu_order":2,"comment_status":"closed","ping_status":"closed","template":"template-pages-sb.php","meta":{"footnotes":""},"acf":[],"_links":{"self":[{"href":"https:\/\/nories-wholesale.eu\/sk\/wp-json\/wp\/v2\/pages\/2"}],"collection":[{"href":"https:\/\/nories-wholesale.eu\/sk\/wp-json\/wp\/v2\/pages"}],"about":[{"href":"https:\/\/nories-wholesale.eu\/sk\/wp-json\/wp\/v2\/types\/page"}],"author":[{"embeddable":true,"href":"https:\/\/nories-wholesale.eu\/sk\/wp-json\/wp\/v2\/users\/1"}],"replies":[{"embeddable":true,"href":"https:\/\/nories-wholesale.eu\/sk\/wp-json\/wp\/v2\/comments?post=2"}],"version-history":[{"count":24,"href":"https:\/\/nories-wholesale.eu\/sk\/wp-json\/wp\/v2\/pages\/2\/revisions"}],"predecessor-version":[{"id":895,"href":"https:\/\/nories-wholesale.eu\/sk\/wp-json\/wp\/v2\/pages\/2\/revisions\/895"}],"wp:featuredmedia":[{"embeddable":true,"href":"https:\/\/nories-wholesale.eu\/sk\/wp-json\/wp\/v2\/media\/658"}],"wp:attachment":[{"href":"https:\/\/nories-wholesale.eu\/sk\/wp-json\/wp\/v2\/media?parent=2"}],"curies":[{"name":"wp","href":"https:\/\/api.w.org\/{rel}","templated":true}]}}