{"id":269,"date":"2017-02-13T16:17:05","date_gmt":"2017-02-13T16:17:05","guid":{"rendered":"http:\/\/localhost\/new_wp\/?page_id=269"},"modified":"2024-01-29T10:18:47","modified_gmt":"2024-01-29T09:18:47","slug":"about-us","status":"publish","type":"page","link":"https:\/\/nories-wholesale.eu\/sk\/about-us\/","title":{"rendered":"O n\u00e1s"},"content":{"rendered":"<p>Sme rodinn\u00e1 firma na trhu fungujeme v nepretr\u017eitej prev\u00e1dzke od roku 1999. V\u017edy sme si zakladali na tom aby sme obchod robili f\u00e9rovo, poctivo a aby sme si s na\u0161imi z\u00e1kazn\u00edkmi vytvorili vz\u0165ah. Nebojte sa n\u00e1s oslovi\u0165, ur\u010dite sa pok\u00fasime n\u00e1js\u0165 sp\u00f4sob ako spolu rozbehn\u00fa\u0165 \u00faspe\u0161n\u00fa spolupr\u00e1cu.<\/p>\n<p>Stali sme sa odborn\u00edkmi na pr\u00edvla\u010d a \u0161peci\u00e1lne na TROUT AREA. M\u00e1me sk\u00fasenosti z majstrovstiev sveta a najprest\u00ed\u017enej\u0161\u00edch trout area turnajov v Eur\u00f3pe. \u00a0Na\u0161e sk\u00fasenosti s\u00fa v\u00e1m k dispoz\u00edcii, radi v\u00e1m pom\u00f4\u017eeme rozbehn\u00fa\u0165 Trout Area sortiment aj vo va\u0161om obchode. Verte n\u00e1m, \u017ee ak chcete robi\u0165 Trout Areu poriadne NORIES jednoducho potrebujete.<\/p>\n<p><img loading=\"lazy\" decoding=\"async\" class=\"wp-image-657 size-medium alignright\" src=\"https:\/\/nories-wholesale.eu\/wp-content\/uploads\/2024\/01\/nories-gallery-5-200x300.jpg\" alt=\"Nories wholesale EU\" width=\"200\" height=\"300\" srcset=\"https:\/\/nories-wholesale.eu\/wp-content\/uploads\/2024\/01\/nories-gallery-5-200x300.jpg 200w, https:\/\/nories-wholesale.eu\/wp-content\/uploads\/2024\/01\/nories-gallery-5-683x1024.jpg 683w, https:\/\/nories-wholesale.eu\/wp-content\/uploads\/2024\/01\/nories-gallery-5-768x1152.jpg 768w, https:\/\/nories-wholesale.eu\/wp-content\/uploads\/2024\/01\/nories-gallery-5-1024x1536.jpg 1024w, https:\/\/nories-wholesale.eu\/wp-content\/uploads\/2024\/01\/nories-gallery-5.jpg 1365w\" sizes=\"(max-width: 200px) 100vw, 200px\" \/><\/p>\n<p>&nbsp;<\/p>\n<p style=\"text-align: left;\"><strong>Troutshop team &#8211; Slavia Centrum<br \/>\n<\/strong><strong>Jaroslav Petricek<br \/>\n<\/strong><strong>Razusova 7 &#8211; Pie\u0161tany &#8211; 92101<\/strong><br \/>\n<strong>Slovensko<\/strong><br \/>\n<strong>ICO: \u00a033702641<\/strong><br \/>\n<strong>I\u010c DPH: \u00a0SK1020329123<\/strong><\/p>\n<p style=\"text-align: left;\"><strong>00421 908 582 185<\/strong><\/p>\n<p style=\"text-align: left;\"><strong>info@nories-wholesale.eu<\/strong><\/p>\n","protected":false},"excerpt":{"rendered":"<p>Sme rodinn\u00e1 firma na trhu fungujeme v nepretr\u017eitej prev\u00e1dzke od roku 1999. V\u017edy sme si zakladali na tom aby sme obchod robili f\u00e9rovo, poctivo a aby sme si s na\u0161imi z\u00e1kazn\u00edkmi vytvorili vz\u0165ah. Nebojte sa n\u00e1s oslovi\u0165, ur\u010dite sa pok\u00fasime n\u00e1js\u0165 sp\u00f4sob ako spolu rozbehn\u00fa\u0165 \u00faspe\u0161n\u00fa spolupr\u00e1cu. Stali sme sa odborn\u00edkmi na pr\u00edvla\u010d a \u0161peci\u00e1lne [&hellip;]<\/p>\n","protected":false},"author":1,"featured_media":662,"parent":0,"menu_order":0,"comment_status":"closed","ping_status":"closed","template":"template-pages-sb.php","meta":{"footnotes":""},"acf":[],"_links":{"self":[{"href":"https:\/\/nories-wholesale.eu\/sk\/wp-json\/wp\/v2\/pages\/269"}],"collection":[{"href":"https:\/\/nories-wholesale.eu\/sk\/wp-json\/wp\/v2\/pages"}],"about":[{"href":"https:\/\/nories-wholesale.eu\/sk\/wp-json\/wp\/v2\/types\/page"}],"author":[{"embeddable":true,"href":"https:\/\/nories-wholesale.eu\/sk\/wp-json\/wp\/v2\/users\/1"}],"replies":[{"embeddable":true,"href":"https:\/\/nories-wholesale.eu\/sk\/wp-json\/wp\/v2\/comments?post=269"}],"version-history":[{"count":32,"href":"https:\/\/nories-wholesale.eu\/sk\/wp-json\/wp\/v2\/pages\/269\/revisions"}],"predecessor-version":[{"id":894,"href":"https:\/\/nories-wholesale.eu\/sk\/wp-json\/wp\/v2\/pages\/269\/revisions\/894"}],"wp:featuredmedia":[{"embeddable":true,"href":"https:\/\/nories-wholesale.eu\/sk\/wp-json\/wp\/v2\/media\/662"}],"wp:attachment":[{"href":"https:\/\/nories-wholesale.eu\/sk\/wp-json\/wp\/v2\/media?parent=269"}],"curies":[{"name":"wp","href":"https:\/\/api.w.org\/{rel}","templated":true}]}}