{"id":695,"date":"2024-01-09T10:47:34","date_gmt":"2024-01-09T09:47:34","guid":{"rendered":"https:\/\/nories-wholesale.eu\/sk\/?page_id=695"},"modified":"2024-01-29T10:11:54","modified_gmt":"2024-01-29T09:11:54","slug":"home","status":"publish","type":"page","link":"https:\/\/nories-wholesale.eu\/sk\/","title":{"rendered":"\u00davod"},"content":{"rendered":"<p>NORIES je legend\u00e1rna japonsk\u00e1 zna\u010dka, ktor\u00e1 je jedn\u00fdm zo svetov\u00fdch l\u00eddrov v love TROUT AREA. Pon\u00fakame v\u00e1m mo\u017enos\u0165 ve\u013ekoobchodn\u00e9ho n\u00e1kupu \u0161pi\u010dkov\u00fdch produktov Nories na Slovensku, v \u010ceskej Republike aj v Ma\u010farsku. Sme hrd\u00fdmi \u010dlenmi Trout Area komunity zo sk\u00fasenos\u0165ami z majstrovstiev sveta a radi v\u00e1m pom\u00f4\u017eeme pred\u00e1va\u0165 zna\u010dku NORIES aj vo va\u0161om obchode. Existuje mno\u017estvo Trout Area zna\u010diek ale iba jeden NORIES. Na\u0161ou \u00falohou je pom\u00f4c\u0165 v\u00e1m a va\u0161ej predajni aby ste ho mohli \u00faspe\u0161ne pred\u00e1va\u0165. Ak chcete vedie\u0165 viac a syst\u00e9me objedn\u00e1vanie kliknite hore na str\u00e1nke na &#8222;Objedn\u00e1vka&#8220;, alebo n\u00e1m nap\u00ed\u0161te na:<\/p>\n<h2>info\u00a0<small>(<\/small>@<small>)<\/small>\u00a0nories-wholesale.eu<br \/>\n00421 908 582 185<\/h2>\n","protected":false},"excerpt":{"rendered":"<p>NORIES je legend\u00e1rna japonsk\u00e1 zna\u010dka, ktor\u00e1 je jedn\u00fdm zo svetov\u00fdch l\u00eddrov v love TROUT AREA. Pon\u00fakame v\u00e1m mo\u017enos\u0165 ve\u013ekoobchodn\u00e9ho n\u00e1kupu \u0161pi\u010dkov\u00fdch produktov Nories na Slovensku, v \u010ceskej Republike aj v Ma\u010farsku. Sme hrd\u00fdmi \u010dlenmi Trout Area komunity zo sk\u00fasenos\u0165ami z majstrovstiev sveta a radi v\u00e1m pom\u00f4\u017eeme pred\u00e1va\u0165 zna\u010dku NORIES aj vo va\u0161om obchode. Existuje mno\u017estvo [&hellip;]<\/p>\n","protected":false},"author":1,"featured_media":650,"parent":0,"menu_order":0,"comment_status":"closed","ping_status":"closed","template":"template-pages.php","meta":{"footnotes":""},"acf":[],"_links":{"self":[{"href":"https:\/\/nories-wholesale.eu\/sk\/wp-json\/wp\/v2\/pages\/695"}],"collection":[{"href":"https:\/\/nories-wholesale.eu\/sk\/wp-json\/wp\/v2\/pages"}],"about":[{"href":"https:\/\/nories-wholesale.eu\/sk\/wp-json\/wp\/v2\/types\/page"}],"author":[{"embeddable":true,"href":"https:\/\/nories-wholesale.eu\/sk\/wp-json\/wp\/v2\/users\/1"}],"replies":[{"embeddable":true,"href":"https:\/\/nories-wholesale.eu\/sk\/wp-json\/wp\/v2\/comments?post=695"}],"version-history":[{"count":33,"href":"https:\/\/nories-wholesale.eu\/sk\/wp-json\/wp\/v2\/pages\/695\/revisions"}],"predecessor-version":[{"id":892,"href":"https:\/\/nories-wholesale.eu\/sk\/wp-json\/wp\/v2\/pages\/695\/revisions\/892"}],"wp:featuredmedia":[{"embeddable":true,"href":"https:\/\/nories-wholesale.eu\/sk\/wp-json\/wp\/v2\/media\/650"}],"wp:attachment":[{"href":"https:\/\/nories-wholesale.eu\/sk\/wp-json\/wp\/v2\/media?parent=695"}],"curies":[{"name":"wp","href":"https:\/\/api.w.org\/{rel}","templated":true}]}}